{"id":417,"date":"2024-09-25T11:11:33","date_gmt":"2024-09-25T11:11:33","guid":{"rendered":"https:\/\/thelookblog.com\/nosotros\/"},"modified":"2025-11-25T16:36:47","modified_gmt":"2025-11-25T16:36:47","slug":"que-hacemos","status":"publish","type":"page","link":"https:\/\/thelookblog.com\/en\/que-hacemos\/","title":{"rendered":"Qu\u00e9 hacemos"},"content":{"rendered":"<section class=\"aboutus_15_1 background-1-light\" id=\"\"\r\n    original-block-id=\"block_5fc3575ef737cdd4096ed578a16decf2\" data-block-id=\"69d4c0bdd57fe69d4c0bdd57ff\" data-block-name=\"acf\/about-us-15-1\" data-post-id=\"417\" data-stable-id=\"block_5fc3575ef737cdd4096ed578a16decf2\">\r\n    <div class=\"container\">\r\n        <div class=\"row\">\r\n            <div class=\"col\">\r\n                                <img decoding=\"async\" src=\"https:\/\/thelookblog.com\/wp-content\/uploads\/2025\/11\/carlos.jpeg\" alt=\"\" title=\"carlos\"\r\n                    data-aos=\"fade-right\">\r\n                                <div class=\"right\" data-aos=\"fade-left\">\r\n                    \r\n                                        <h1 class=\"tamano2 color-1-headings-dark\">\u00bfQu\u00e9 Hacemos?<\/h1>\r\n                    \r\n                    \r\n                    <div class=\"textos\">\r\n                                                <div class=\"texto tamano7 color-1-body-dark\">\r\n                            <p>Comunicamos digitalmente, fotografiamos lo que nos rodea, dise\u00f1amos tus ideas.<\/p>\n<p>En The Look Blog Agency somos amantes de la comunicaci\u00f3n online y offline, el arte, la fotograf\u00eda, del dise\u00f1o y de la est\u00e9tica en general. Hemos combinado todas estas disciplinas para comunicar al mundo lo que los clientes desean expresar, cuidando meticulosamente el contenido y la imagen para poder transmitir ideas, conceptos y sentimientos, y as\u00ed generar una reacci\u00f3n positiva por parte de los usuarios.<\/p>\n<p>Nuestro trabajo se centra en una \u00abComunicaci\u00f3n Efectiva\u00bb. La comunicaci\u00f3n efectiva se define cuando un mensaje se comparte, recibe y comprende sin alterar su objetivo final. Es decir, el emisor y el receptor interpretan el mismo significado. De esta manera, se evitan dudas y confusiones, mientras que se cumplen las expectativas sobre lo que se ha transmitido.<\/p>\n                        <\/div>\r\n                        \r\n                                                <div class=\"texto tamano7 color-1-body-dark\">\r\n                            <p>Incluimos en nuestro catalogo de servicios la gesti\u00f3n de las redes sociales, usando cada plataforma disponible y adaptando los mensajes seg\u00fan target y medio, logrando una dise\u00f1o impecable y una difusi\u00f3n de gran alcance. As\u00ed como dise\u00f1o de paginas web, gesti\u00f3n de blogs, novedades, email marketing, bases de datos, estrategias efectivas y consejos pr\u00e1cticos para optimizar tu presencia en l\u00ednea y aumentar el tr\u00e1fico a tu sitio web.<\/p>\n<p>En TLB Agency tambi\u00e9n realizamos dise\u00f1o y construcci\u00f3n de stands para ferias, desde la conceptualizaci\u00f3n respetando la imagen corporativa y aprovechando al m\u00e1ximo el uso de los metros cuadrados, creamos stands de dise\u00f1o, funcionales, c\u00f3modos y pr\u00e1cticos, siempre minimizando costes.<\/p>\n<p>En un mundo dominado por la tecnolog\u00eda y la imagen, la conjunci\u00f3n de ambas es esencial para conseguir una comunicaci\u00f3n efectiva.<\/p>\n                        <\/div>\r\n                                            <\/div>\r\n\r\n                                        <div class=\"vermas tamano7 boton-4-texto-normal\">\r\n                        <span class=\"mas tamano7 boton-4-texto-normal\">Read more<\/span>\r\n                        <span class=\"menos hide tamano7 boton-4-texto-normal\">Read less<\/span>\r\n                        <svg width=\"13\" height=\"8\" viewBox=\"0 0 13 8\" fill=\"none\"\r\n                            xmlns=\"http:\/\/www.w3.org\/2000\/svg\">\r\n                            <path id=\"Vector 14\" d=\"M1 1L6.5 6.5L12 1\" stroke=\"currentColor\" stroke-width=\"1.5\" \/>\r\n                        <\/svg>\r\n                    <\/div>\r\n                                        \r\n                    <div class=\"redes\">\r\n                                                <div class=\"redescont\">\r\n                                                                                        <a class=\"boton-4-texto-normal boton-4-texto-hover\" href=\"https:\/\/www.instagram.com\/carlos.tlba\/\"\r\n                                    target=\"_blank\">\r\n                                                                                                                    <svg fill=\"currentColor\"  xmlns=\"http:\/\/www.w3.org\/2000\/svg\" viewBox=\"0 0 448 512\"><!--! Font Awesome Pro 6.7.2 by @fontawesome - https:\/\/fontawesome.com License - https:\/\/fontawesome.com\/license (Commercial License) Copyright 2024 Fonticons, Inc. --><path d=\"M224.1 141c-63.6 0-114.9 51.3-114.9 114.9s51.3 114.9 114.9 114.9S339 319.5 339 255.9 287.7 141 224.1 141zm0 189.6c-41.1 0-74.7-33.5-74.7-74.7s33.5-74.7 74.7-74.7 74.7 33.5 74.7 74.7-33.6 74.7-74.7 74.7zm146.4-194.3c0 14.9-12 26.8-26.8 26.8-14.9 0-26.8-12-26.8-26.8s12-26.8 26.8-26.8 26.8 12 26.8 26.8zm76.1 27.2c-1.7-35.9-9.9-67.7-36.2-93.9-26.2-26.2-58-34.4-93.9-36.2-37-2.1-147.9-2.1-184.9 0-35.8 1.7-67.6 9.9-93.9 36.1s-34.4 58-36.2 93.9c-2.1 37-2.1 147.9 0 184.9 1.7 35.9 9.9 67.7 36.2 93.9s58 34.4 93.9 36.2c37 2.1 147.9 2.1 184.9 0 35.9-1.7 67.7-9.9 93.9-36.2 26.2-26.2 34.4-58 36.2-93.9 2.1-37 2.1-147.8 0-184.8zM398.8 388c-7.8 19.6-22.9 34.7-42.6 42.6-29.5 11.7-99.5 9-132.1 9s-102.7 2.6-132.1-9c-19.6-7.8-34.7-22.9-42.6-42.6-11.7-29.5-9-99.5-9-132.1s-2.6-102.7 9-132.1c7.8-19.6 22.9-34.7 42.6-42.6 29.5-11.7 99.5-9 132.1-9s102.7-2.6 132.1 9c19.6 7.8 34.7 22.9 42.6 42.6 11.7 29.5 9 99.5 9 132.1s2.7 102.7-9 132.1z\"\/><\/svg>                                                                                                            <\/a>\r\n                                                                                                                    <a class=\"boton-4-texto-normal boton-4-texto-hover\" href=\"https:\/\/www.facebook.com\/share\/1D69JfLSUH\/?mibextid=wwXIfr\"\r\n                                    target=\"_blank\">\r\n                                                                                                                    <svg fill=\"currentColor\"  xmlns=\"http:\/\/www.w3.org\/2000\/svg\" viewBox=\"0 0 320 512\"><!--! Font Awesome Pro 6.7.2 by @fontawesome - https:\/\/fontawesome.com License - https:\/\/fontawesome.com\/license (Commercial License) Copyright 2024 Fonticons, Inc. --><path d=\"M80 299.3V512H196V299.3h86.5l18-97.8H196V166.9c0-51.7 20.3-71.5 72.7-71.5c16.3 0 29.4 .4 37 1.2V7.9C291.4 4 256.4 0 236.2 0C129.3 0 80 50.5 80 159.4v42.1H14v97.8H80z\"\/><\/svg>                                                                                                            <\/a>\r\n                                                                                                                    <a class=\"boton-4-texto-normal boton-4-texto-hover\" href=\"https:\/\/www.linkedin.com\/in\/carlosvgon\/\"\r\n                                    target=\"_blank\">\r\n                                                                                                                    <svg fill=\"currentColor\"  xmlns=\"http:\/\/www.w3.org\/2000\/svg\" viewBox=\"0 0 448 512\"><!--! Font Awesome Pro 6.7.2 by @fontawesome - https:\/\/fontawesome.com License - https:\/\/fontawesome.com\/license (Commercial License) Copyright 2024 Fonticons, Inc. --><path d=\"M100.28 448H7.4V148.9h92.88zM53.79 108.1C24.09 108.1 0 83.5 0 53.8a53.79 53.79 0 0 1 107.58 0c0 29.7-24.1 54.3-53.79 54.3zM447.9 448h-92.68V302.4c0-34.7-.7-79.2-48.29-79.2-48.29 0-55.69 37.7-55.69 76.7V448h-92.78V148.9h89.08v40.8h1.3c12.4-23.5 42.69-48.3 87.88-48.3 94 0 111.28 61.9 111.28 142.3V448z\"\/><\/svg>                                                                                                            <\/a>\r\n                                                                                                                    <a class=\"boton-4-texto-normal boton-4-texto-hover\" href=\"https:\/\/www.tiktok.com\/@tlbagency?_t=8q0uHYuCgxF&#038;_r=1\"\r\n                                    target=\"_blank\">\r\n                                                                                                                    <svg fill=\"currentColor\"  xmlns=\"http:\/\/www.w3.org\/2000\/svg\" viewBox=\"0 0 448 512\"><!--! Font Awesome Pro 6.7.2 by @fontawesome - https:\/\/fontawesome.com License - https:\/\/fontawesome.com\/license (Commercial License) Copyright 2024 Fonticons, Inc. --><path d=\"M448,209.91a210.06,210.06,0,0,1-122.77-39.25V349.38A162.55,162.55,0,1,1,185,188.31V278.2a74.62,74.62,0,1,0,52.23,71.18V0l88,0a121.18,121.18,0,0,0,1.86,22.17h0A122.18,122.18,0,0,0,381,102.39a121.43,121.43,0,0,0,67,20.14Z\"\/><\/svg>                                                                                                            <\/a>\r\n                                                                                                                    <a class=\"boton-4-texto-normal boton-4-texto-hover\" href=\"https:\/\/x.com\/thelookblogag?s=21&#038;t=uojF_ztJ-eQRg8VVpyCb8w\"\r\n                                    target=\"_blank\">\r\n                                                                                                                    <svg fill=\"currentColor\"  xmlns=\"http:\/\/www.w3.org\/2000\/svg\" viewBox=\"0 0 512 512\"><!--! Font Awesome Pro 6.7.2 by @fontawesome - https:\/\/fontawesome.com License - https:\/\/fontawesome.com\/license (Commercial License) Copyright 2024 Fonticons, Inc. --><path d=\"M459.37 151.716c.325 4.548.325 9.097.325 13.645 0 138.72-105.583 298.558-298.558 298.558-59.452 0-114.68-17.219-161.137-47.106 8.447.974 16.568 1.299 25.34 1.299 49.055 0 94.213-16.568 130.274-44.832-46.132-.975-84.792-31.188-98.112-72.772 6.498.974 12.995 1.624 19.818 1.624 9.421 0 18.843-1.3 27.614-3.573-48.081-9.747-84.143-51.98-84.143-102.985v-1.299c13.969 7.797 30.214 12.67 47.431 13.319-28.264-18.843-46.781-51.005-46.781-87.391 0-19.492 5.197-37.36 14.294-52.954 51.655 63.675 129.3 105.258 216.365 109.807-1.624-7.797-2.599-15.918-2.599-24.04 0-57.828 46.782-104.934 104.934-104.934 30.213 0 57.502 12.67 76.67 33.137 23.715-4.548 46.456-13.32 66.599-25.34-7.798 24.366-24.366 44.833-46.132 57.827 21.117-2.273 41.584-8.122 60.426-16.243-14.292 20.791-32.161 39.308-52.628 54.253z\"\/><\/svg>                                                                                                            <\/a>\r\n                                                                                                                    <a class=\"boton-4-texto-normal boton-4-texto-hover\" href=\"mailto:carlos@thelookblog.com\"\r\n                                    target=\"_blank\">\r\n                                                                                                                    <svg fill=\"currentColor\"  xmlns=\"http:\/\/www.w3.org\/2000\/svg\" viewBox=\"0 0 512 512\"><!--! Font Awesome Pro 6.7.2 by @fontawesome - https:\/\/fontawesome.com License - https:\/\/fontawesome.com\/license (Commercial License) Copyright 2024 Fonticons, Inc. --><path d=\"M64 112c-8.8 0-16 7.2-16 16l0 22.1L220.5 291.7c20.7 17 50.4 17 71.1 0L464 150.1l0-22.1c0-8.8-7.2-16-16-16L64 112zM48 212.2L48 384c0 8.8 7.2 16 16 16l384 0c8.8 0 16-7.2 16-16l0-171.8L322 328.8c-38.4 31.5-93.7 31.5-132 0L48 212.2zM0 128C0 92.7 28.7 64 64 64l384 0c35.3 0 64 28.7 64 64l0 256c0 35.3-28.7 64-64 64L64 448c-35.3 0-64-28.7-64-64L0 128z\"\/><\/svg>                                                                                                            <\/a>\r\n                                                                                <\/div>\r\n                                            <\/div>\r\n                <\/div>\r\n            <\/div>\r\n        <\/div>\r\n    <\/div>\r\n<\/section>\r\n<style>\r\n    .aboutus_15_1 .vermas .hide {\r\n        display: none;\r\n    }\r\n\r\n    .aboutus_15_1 .vermas.show svg {\r\n        transform: rotate(180deg);\r\n    }\r\n\r\n    .aboutus_15_1 .vermas {\r\n        display: none;\r\n        margin-top: 20px;\r\n        align-items: center;\r\n        gap: 10px;\r\n        cursor: pointer;\r\n    }\r\n\r\n    .aboutus_15_1 .vermas span {\r\n        font-weight: var(--tamano5-font-weight);\r\n    }\r\n\r\n    .aboutus_15_1 .col .subtitulo {\r\n        padding-bottom: 20px;\r\n    }\r\n\r\n    .aboutus_15_1 .col {\r\n        display: flex;\r\n        gap: 180px;\r\n        align-items: flex-start;\r\n\r\n    }\r\n\r\n    .aboutus_15_1[original-block-id=\"block_5fc3575ef737cdd4096ed578a16decf2\"] .col {\r\n            }\r\n\r\n    .aboutus_15_1 .redes svg {\r\n        height: 25px;\r\n    }\r\n\r\n    .aboutus_15_1 .texto {\r\n        display: flex;\r\n        flex-direction: column;\r\n        gap: 20px;\r\n    }\r\n\r\n    .aboutus_15_1 .textos .texto {\r\n        width: 50%;\r\n    }\r\n\r\n    .aboutus_15_1 .col>img {\r\n        max-width: 41.66%;\r\n        width: auto;\r\n    }\r\n\r\n    .aboutus_15_1 .right {\r\n        padding-top: 200px;\r\n        width: 50%;\r\n    }\r\n\r\n    .aboutus_15_1 .col .video {\r\n        width: 44%;\r\n    }\r\n\r\n    .aboutus_15_1 .col iframe {\r\n        width: 100%;\r\n        height: 100%;\r\n        min-height: 560px;\r\n    }\r\n\r\n    .aboutus_15_1 .textos {\r\n        display: flex;\r\n        gap: 30px;\r\n    }\r\n\r\n    .aboutus_15_1 .redes .redescont {\r\n        display: flex;\r\n        align-items: center;\r\n        gap: 20px;\r\n        padding-top: 20px;\r\n    }\r\n\r\n    .aboutus_15_1 .redes {\r\n        width: calc(50% - 15px);\r\n        display: flex;\r\n        justify-content: start;\r\n        align-items: end;\r\n        margin-left: auto;\r\n    }\r\n\r\n    .aboutus_15_1 h1 {\r\n        padding-bottom: 25px;\r\n    }\r\n\r\n    .aboutus_15_1 {\r\n        overflow: hidden;\r\n        padding: 80px 0;\r\n    }\r\n\r\n    @media (max-width:1550px) {\r\n\r\n        .aboutus_15_1 .col>.right,\r\n        .aboutus_15_1 .col>img {\r\n            width: 50%;\r\n        }\r\n\r\n        .aboutus_15_1 .col>img {\r\n            max-width: 100%;\r\n        }\r\n\r\n        .aboutus_15_1 .col {\r\n            gap: 100px;\r\n        }\r\n    }\r\n\r\n    @media (max-width:1300px) {\r\n        .aboutus_15_1 .col {\r\n            gap: 30px;\r\n        }\r\n    }\r\n\r\n    @media (max-width:1200px) {\r\n        .aboutus_15_1 .col {\r\n            flex-direction: column;\r\n        }\r\n\r\n        .aboutus_15_1 .col>.right {\r\n            width: 100%;\r\n        }\r\n\r\n        .aboutus_15_1 .col .video {\r\n            width: 100%;\r\n        }\r\n\r\n        .aboutus_15_1 .col iframe {\r\n            min-height: 475px;\r\n        }\r\n\r\n        .aboutus_15_1 .right {\r\n            padding-top: 0;\r\n            width: 100%;\r\n        }\r\n    }\r\n\r\n    @media (max-width:768px) {\r\n\r\n        .aboutus_15_1 .textos .texto:first-child p:not(:first-child),\r\n        .aboutus_15_1 .textos .texto:nth-child(2) {\r\n            display: none;\r\n        }\r\n\r\n        .aboutus_15_1 .textos .texto:first-child.show p:not(:first-child),\r\n        .aboutus_15_1 .textos .texto:nth-child(2).show {\r\n            display: flex;\r\n        }\r\n\r\n        .aboutus_15_1 .vermas {\r\n            display: flex;\r\n            width: max-content;\r\n            margin-left: 60px;\r\n        }\r\n\r\n        .aboutus_15_1 {\r\n            padding: 40px 0;\r\n        }\r\n\r\n        .aboutus_15_1 h1 {\r\n            line-height: var(--tamano4-line-height);\r\n        }\r\n\r\n        .aboutus_15_1 .col>.right,\r\n        .aboutus_15_1 .col>img,\r\n        .aboutus_15_1 .col .video {\r\n            width: 100%;\r\n        }\r\n\r\n        .aboutus_15_1 .col iframe {\r\n            min-height: 310px;\r\n        }\r\n\r\n        .aboutus_15_1 .textos {\r\n            flex-direction: column;\r\n            gap: 20px;\r\n            margin-left: 60px;\r\n        }\r\n\r\n        .aboutus_15_1 .textos .texto {\r\n            width: 100%;\r\n        }\r\n\r\n        .aboutus_15_1 .redes {\r\n            width: 100%;\r\n            margin-left: 60px;\r\n        }\r\n    }\r\n<\/style>\r\n<script>\r\n    jQuery('.aboutus_15_1 .vermas').on('click', function() {\r\n        if (window.matchMedia(\"(max-width: 768px)\").matches) {\r\n            jQuery('.aboutus_15_1 .texto').toggleClass('show');\r\n            jQuery('.aboutus_15_1 .vermas').toggleClass('show');\r\n            jQuery('.aboutus_15_1 .vermas span').toggleClass('hide');\r\n        }\r\n    });\r\n<\/script>\r\n\n\n\n<p><\/p>\n","protected":false},"excerpt":{"rendered":"","protected":false},"author":1,"featured_media":0,"parent":0,"menu_order":0,"comment_status":"open","ping_status":"closed","template":"","meta":{"_acf_changed":false,"iawp_total_views":4,"footnotes":""},"class_list":["post-417","page","type-page","status-publish","hentry"],"acf":[],"yoast_head":"<!-- This site is optimized with the Yoast SEO plugin v27.3 - https:\/\/yoast.com\/product\/yoast-seo-wordpress\/ -->\n<title>Gu\u00eda Completa para Mejorar Tu SEO<\/title>\n<meta name=\"description\" content=\"Descubre estrategias efectivas y consejos pr\u00e1cticos para optimizar tu presencia en l\u00ednea y aumentar el tr\u00e1fico a tu sitio web con The Look Blog Agency.\" \/>\n<meta name=\"robots\" content=\"index, follow, max-snippet:-1, max-image-preview:large, max-video-preview:-1\" \/>\n<link rel=\"canonical\" href=\"https:\/\/thelookblog.com\/en\/que-hacemos\/\" \/>\n<meta property=\"og:locale\" content=\"en_US\" \/>\n<meta property=\"og:type\" content=\"article\" \/>\n<meta property=\"og:title\" content=\"Gu\u00eda Completa para Mejorar Tu SEO\" \/>\n<meta property=\"og:description\" content=\"Descubre estrategias efectivas y consejos pr\u00e1cticos para optimizar tu presencia en l\u00ednea y aumentar el tr\u00e1fico a tu sitio web con The Look Blog Agency.\" \/>\n<meta property=\"og:url\" content=\"https:\/\/thelookblog.com\/en\/que-hacemos\/\" \/>\n<meta property=\"og:site_name\" content=\"The Look Blog Agency\" \/>\n<meta property=\"article:modified_time\" content=\"2025-11-25T16:36:47+00:00\" \/>\n<meta property=\"og:image\" content=\"https:\/\/thelookblog.com\/wp-content\/uploads\/2025\/11\/gestion-de-redes-sociales-y-diseno-grafico-200x300.jpg\" \/>\n<meta name=\"twitter:card\" content=\"summary_large_image\" \/>\n<!-- \/ Yoast SEO plugin. -->","yoast_head_json":{"title":"Gu\u00eda Completa para Mejorar Tu SEO","description":"Descubre estrategias efectivas y consejos pr\u00e1cticos para optimizar tu presencia en l\u00ednea y aumentar el tr\u00e1fico a tu sitio web con The Look Blog Agency.","robots":{"index":"index","follow":"follow","max-snippet":"max-snippet:-1","max-image-preview":"max-image-preview:large","max-video-preview":"max-video-preview:-1"},"canonical":"https:\/\/thelookblog.com\/en\/que-hacemos\/","og_locale":"en_US","og_type":"article","og_title":"Gu\u00eda Completa para Mejorar Tu SEO","og_description":"Descubre estrategias efectivas y consejos pr\u00e1cticos para optimizar tu presencia en l\u00ednea y aumentar el tr\u00e1fico a tu sitio web con The Look Blog Agency.","og_url":"https:\/\/thelookblog.com\/en\/que-hacemos\/","og_site_name":"The Look Blog Agency","article_modified_time":"2025-11-25T16:36:47+00:00","og_image":[{"url":"https:\/\/thelookblog.com\/wp-content\/uploads\/2025\/11\/gestion-de-redes-sociales-y-diseno-grafico-200x300.jpg","type":"","width":"","height":""}],"twitter_card":"summary_large_image","schema":{"@context":"https:\/\/schema.org","@graph":[{"@type":"WebPage","@id":"https:\/\/thelookblog.com\/en\/que-hacemos\/","url":"https:\/\/thelookblog.com\/en\/que-hacemos\/","name":"Gu\u00eda Completa para Mejorar Tu SEO","isPartOf":{"@id":"https:\/\/thelookblog.com\/en\/#website"},"datePublished":"2024-09-25T11:11:33+00:00","dateModified":"2025-11-25T16:36:47+00:00","description":"Descubre estrategias efectivas y consejos pr\u00e1cticos para optimizar tu presencia en l\u00ednea y aumentar el tr\u00e1fico a tu sitio web con The Look Blog Agency.","breadcrumb":{"@id":"https:\/\/thelookblog.com\/en\/que-hacemos\/#breadcrumb"},"inLanguage":"en-US","potentialAction":[{"@type":"ReadAction","target":["https:\/\/thelookblog.com\/en\/que-hacemos\/"]}]},{"@type":"BreadcrumbList","@id":"https:\/\/thelookblog.com\/en\/que-hacemos\/#breadcrumb","itemListElement":[{"@type":"ListItem","position":1,"name":"Portada","item":"https:\/\/thelookblog.com\/en\/"},{"@type":"ListItem","position":2,"name":"Qu\u00e9 hacemos"}]},{"@type":"WebSite","@id":"https:\/\/thelookblog.com\/en\/#website","url":"https:\/\/thelookblog.com\/en\/","name":"The Look Blog Agency","description":"","publisher":{"@id":"https:\/\/thelookblog.com\/en\/#organization"},"potentialAction":[{"@type":"SearchAction","target":{"@type":"EntryPoint","urlTemplate":"https:\/\/thelookblog.com\/en\/?s={search_term_string}"},"query-input":{"@type":"PropertyValueSpecification","valueRequired":true,"valueName":"search_term_string"}}],"inLanguage":"en-US"},{"@type":"Organization","@id":"https:\/\/thelookblog.com\/en\/#organization","name":"The Look Blog Agency","url":"https:\/\/thelookblog.com\/en\/","logo":{"@type":"ImageObject","inLanguage":"en-US","@id":"https:\/\/thelookblog.com\/en\/#\/schema\/logo\/image\/","url":"https:\/\/thelookblog.com\/wp-content\/uploads\/2024\/09\/66f3e29ae8141_Logo2014-03.png","contentUrl":"https:\/\/thelookblog.com\/wp-content\/uploads\/2024\/09\/66f3e29ae8141_Logo2014-03.png","width":2500,"height":2500,"caption":"The Look Blog Agency"},"image":{"@id":"https:\/\/thelookblog.com\/en\/#\/schema\/logo\/image\/"}}]}},"_links":{"self":[{"href":"https:\/\/thelookblog.com\/en\/wp-json\/wp\/v2\/pages\/417","targetHints":{"allow":["GET"]}}],"collection":[{"href":"https:\/\/thelookblog.com\/en\/wp-json\/wp\/v2\/pages"}],"about":[{"href":"https:\/\/thelookblog.com\/en\/wp-json\/wp\/v2\/types\/page"}],"author":[{"embeddable":true,"href":"https:\/\/thelookblog.com\/en\/wp-json\/wp\/v2\/users\/1"}],"replies":[{"embeddable":true,"href":"https:\/\/thelookblog.com\/en\/wp-json\/wp\/v2\/comments?post=417"}],"version-history":[{"count":16,"href":"https:\/\/thelookblog.com\/en\/wp-json\/wp\/v2\/pages\/417\/revisions"}],"predecessor-version":[{"id":1854,"href":"https:\/\/thelookblog.com\/en\/wp-json\/wp\/v2\/pages\/417\/revisions\/1854"}],"wp:attachment":[{"href":"https:\/\/thelookblog.com\/en\/wp-json\/wp\/v2\/media?parent=417"}],"curies":[{"name":"wp","href":"https:\/\/api.w.org\/{rel}","templated":true}]}}