{"id":1053,"date":"2025-10-01T09:21:01","date_gmt":"2025-10-01T09:21:01","guid":{"rendered":"https:\/\/thelookblog.com\/clientes\/"},"modified":"2025-11-20T08:56:11","modified_gmt":"2025-11-20T08:56:11","slug":"clientes","status":"publish","type":"page","link":"https:\/\/thelookblog.com\/en\/clientes\/","title":{"rendered":"Clientes"},"content":{"rendered":"<section class=\"header_21_1\" id=\"\" style=\"background-image:url('https:\/\/thelookblog.com\/wp-content\/uploads\/2025\/11\/The-Look-Blog-Agency-Marketing-Digital-Barcelona.jpg');\"\r\n    aria-label=\"\" data-block-id=\"69d4ca11363c769d4ca11363c9\" data-block-name=\"acf\/header-21-1\" data-post-id=\"1053\" data-stable-id=\"block_0c7351fca48f20650fda7183960a9d86\">\r\n    <div class=\"mask\"><\/div>\r\n    <div class=\"container\" data-aos=\"fade-up\">\r\n        <div class=\"row\">\r\n            <div class=\"col col-titulo \">\r\n                                                <h1 class=\"tamano1 color-2-headings-light\">Clientes<\/h1>\r\n                                                <div class=\"texto tamano-7-mediumcta color-2-headings-light\"><p>Gracias a todos nuestros clientes que depositan su confianza en nuestro trabajo y dedicaci\u00f3n. Sin ellos no tendr\u00edamos pie a demostrar nuestra destreza.<\/p>\n<\/div>\r\n                \r\n                <div class=\"enlaces\">\r\n                    \r\n                                    <\/div>\r\n\r\n            <\/div>\r\n        <\/div>\r\n    <\/div>\r\n<\/section>\r\n<section class=\"postheader_21_1 background-1-dark\">\r\n\r\n<\/section>\r\n<style>\r\n    .header_21_1 {\r\n        padding-top: 185px;\r\n        position: relative;\r\n        padding-bottom: 63px;\r\n        min-height: calc(100vH - 80px);\r\n        display: flex;\r\n        flex-direction: column;\r\n        justify-content: center;\r\n        padding-bottom: 100px;\r\n        background-position: center;\r\n        background-repeat: no-repeat;\r\n        background-size: cover;\r\n    }\r\n\r\n    .header_21_1-center {\r\n        max-width: 1070px;\r\n        text-align: center;\r\n        margin: 0 auto;\r\n    }\r\n\r\n    .header_21_1 .mask {\r\n        background: rgba(18, 18, 18, 0.50);\r\n        position: absolute;\r\n        top: 0;\r\n        left: 0;\r\n        width: 100%;\r\n        height: 100%;\r\n    }\r\n\r\n    .postheader_21_1 {\r\n        height: 80px;\r\n    }\r\n\r\n    .header_21_1 .subtitulo {\r\n        padding-bottom: 20px;\r\n    }\r\n\r\n    .header_21_1 .texto * {\r\n        padding-bottom: 15px;\r\n    }\r\n\r\n    .header_21_1 .texto *:last-child {\r\n        padding-bottom: 0;\r\n    }\r\n\r\n    .header_21_1 .texto {\r\n        max-width: 896px;\r\n        padding-bottom: 35px;\r\n    }\r\n\r\n    .header_21_1 .enlaces {\r\n        display: inline-flex;\r\n        gap: 25px;\r\n        flex-wrap: wrap;\r\n    }\r\n\r\n    .header_21_1-center .enlaces {\r\n        justify-content: center;\r\n    }\r\n\r\n    .header_21_1-center .texto {\r\n        margin: 0 auto;\r\n    }\r\n\r\n    .header_21_1 .container {\r\n        position: relative;\r\n        z-index: 1;\r\n    }\r\n\r\n    .header_21_1 .btn-round {\r\n        border-radius: 60px;\r\n        padding: 12px 25px;\r\n        display: inline-block;\r\n        min-width: 175px;\r\n        text-align: center;\r\n        text-decoration: none;\r\n    }\r\n\r\n    .header_21_1 .btn-round.secundario {\r\n        background-color: var(--color-boton-3-hover);\r\n        color: var(--color-boton-3-texto-hover);\r\n    }\r\n\r\n    .header_21_1 .btn-round.secundario:hover {\r\n        background-color: var(--color-boton-3-normal);\r\n        color: var(--color-boton-3-texto-normal);\r\n    }\r\n\r\n    .header_21_1 h1 {\r\n        padding-bottom: 50px;\r\n        max-width: 1205px;\r\n    }\r\n\r\n    @media (max-width:992px) {\r\n        .header_21_1 .bar {\r\n            display: none;\r\n        }\r\n    }\r\n\r\n    @media (max-width:768px) {\r\n        .header_21_1 {\r\n            padding-top: 130px;\r\n        }\r\n\r\n        .header_21_1 h1 {\r\n            padding-bottom: 25px;\r\n            line-height: var(--tamano3-line-height);\r\n        }\r\n\r\n        .header_21_1 .texto {\r\n            padding-bottom: 20px;\r\n        }\r\n    }\r\n<\/style>\r\n\n\n<section class=\"logotipos_4_1 background-1-light\" data-block-id=\"69d4ca113a59269d4ca113a593\" data-block-name=\"acf\/logotipos-4-1\" data-post-id=\"1053\" data-stable-id=\"block_85d413b38445953b489aa83da8929dc2\">\n    <div class=\"container\">\n        <div class=\"row\">\n            <div class=\"col col-top\">\n                                            <\/div>\n        <\/div>\n    <\/div>\n    <div class=\"sliders\">\n        <div class=\"slider\">\n            <div class=\"slide-track\">\n                                                <div class=\"slide\">\n                                        <img decoding=\"async\" src=\"https:\/\/thelookblog.com\/wp-content\/uploads\/2025\/10\/logohor.jpg\" alt=\"\" title=\"logohor\">\n                                    <\/div>\n                                                <div class=\"slide\">\n                                        <img decoding=\"async\" src=\"https:\/\/thelookblog.com\/wp-content\/uploads\/2025\/10\/thepilatesstudio.webp\" alt=\"\" title=\"thepilatesstudio\">\n                                    <\/div>\n                                                <div class=\"slide\">\n                                        <img decoding=\"async\" src=\"https:\/\/thelookblog.com\/wp-content\/uploads\/2025\/10\/npsych_logo.webp\" alt=\"\" title=\"npsych_logo\">\n                                    <\/div>\n                                                <div class=\"slide\">\n                                        <img decoding=\"async\" src=\"https:\/\/thelookblog.com\/wp-content\/uploads\/2025\/10\/photo-06-02-2017-18-59-49.jpg\" alt=\"\" title=\"photo-06-02-2017-18-59-49\">\n                                    <\/div>\n                                                <div class=\"slide\">\n                                        <img decoding=\"async\" src=\"https:\/\/thelookblog.com\/wp-content\/uploads\/2025\/10\/imgi_49_web13.jpg\" alt=\"\" title=\"imgi_49_web13\">\n                                    <\/div>\n                                                <div class=\"slide\">\n                                        <img decoding=\"async\" src=\"https:\/\/thelookblog.com\/wp-content\/uploads\/2024\/09\/imgi_9_logoazul800x800vertical1.png\" alt=\"\" title=\"imgi_9_logoazul800x800vertical1\">\n                                    <\/div>\n                                                <div class=\"slide\">\n                                        <img decoding=\"async\" src=\"https:\/\/thelookblog.com\/wp-content\/uploads\/2025\/10\/imgi_280_funnybar.jpg\" alt=\"\" title=\"imgi_280_funnybar\">\n                                    <\/div>\n                                                <div class=\"slide\">\n                                        <img decoding=\"async\" src=\"https:\/\/thelookblog.com\/wp-content\/uploads\/2025\/11\/Texto-14.png\" alt=\"\" title=\"Texto (14)\">\n                                    <\/div>\n                \n            <\/div>\n        <\/div>\n        <div class=\"slider\">\n            <div class=\"slide-track2\">\n                                <div class=\"slide\">\n                                        <div class=\"slide\">\n                                                <img decoding=\"async\" src=\"https:\/\/thelookblog.com\/wp-content\/uploads\/2025\/10\/imgi_93_jantvari.jpg\" alt=\"\" title=\"imgi_93_jantvari\">\n                                            <\/div>\n                <\/div>\n                                <div class=\"slide\">\n                                        <div class=\"slide\">\n                                                <img decoding=\"async\" src=\"https:\/\/thelookblog.com\/wp-content\/uploads\/2025\/10\/imgi_89_5thessence.jpg\" alt=\"\" title=\"imgi_89_5thessence\">\n                                            <\/div>\n                <\/div>\n                                <div class=\"slide\">\n                                        <div class=\"slide\">\n                                                <img decoding=\"async\" src=\"https:\/\/thelookblog.com\/wp-content\/uploads\/2025\/10\/imgi_85_merrycupcakes.jpg\" alt=\"\" title=\"imgi_85_merrycupcakes\">\n                                            <\/div>\n                <\/div>\n                                <div class=\"slide\">\n                                        <div class=\"slide\">\n                                                <img decoding=\"async\" src=\"https:\/\/thelookblog.com\/wp-content\/uploads\/2025\/10\/imgi_95_jantvari-1.jpg\" alt=\"\" title=\"imgi_95_jantvari\">\n                                            <\/div>\n                <\/div>\n                                <div class=\"slide\">\n                                        <div class=\"slide\">\n                                                <img decoding=\"async\" src=\"https:\/\/thelookblog.com\/wp-content\/uploads\/2025\/10\/imgi_53_ojmagazine.jpg\" alt=\"\" title=\"imgi_53_ojmagazine\">\n                                            <\/div>\n                <\/div>\n                                <div class=\"slide\">\n                                        <div class=\"slide\">\n                                                <img decoding=\"async\" src=\"https:\/\/thelookblog.com\/wp-content\/uploads\/2025\/10\/imgi_71_bec-1.jpg\" alt=\"\" title=\"imgi_71_bec\">\n                                            <\/div>\n                <\/div>\n                                <div class=\"slide\">\n                                        <div class=\"slide\">\n                                                <img decoding=\"async\" src=\"\" alt=\"\" title=\"\">\n                                            <\/div>\n                <\/div>\n                                <div class=\"slide\">\n                                        <div class=\"slide\">\n                                                <img decoding=\"async\" src=\"https:\/\/thelookblog.com\/wp-content\/uploads\/2025\/11\/image-11.png\" alt=\"\" title=\"image (11)\">\n                                            <\/div>\n                <\/div>\n                \n            <\/div>\n        <\/div>\n    <\/div>\n<\/section>\n<style>\n    .logotipos_4_1 .sliders {\n        display: flex;\n        gap: 30px;\n        flex-direction: column;\n    }\n\n    .logotipos_4_1 {\n        overflow: hidden;\n    }\n\n    .logotipos_4_1 h2 {\n        padding-bottom: 30px;\n    }\n\n    .logotipos_4_1 .col-top {\n        max-width: 600px;\n        margin: 0 auto;\n        text-align: center;\n    }\n\n    .logotipos_4_1 .texto {\n        padding-bottom: 30px;\n    }\n\n    .logotipos_4_1 {\n        padding: 80px 0;\n    }\n\n    \/*.logotipos_4_1 .slide-track {\n        width: calc(280px * 24);\n        display: flex;\n        animation: scroll 20s linear infinite;\n        justify-content: space-between;\n        height: 134px;\n        gap: 30px;\n    }*\/\n\n    .logotipos_4_1 .js-marquee-wrapper {\n        display: flex;\n        gap: 0;\n    }\n\n    .logotipos_4_1 .js-marquee {\n        margin: 0 !important;\n        float: none !important;\n    }\n\n    .logotipos_4_1 .slide img {\n        height: 134px;\n    }\n\n    .logotipos_4_1 .slide {\n        height: 134px;\n        display: inline-block;\n        margin: 0 15px;\n    }\n\n    \/*@keyframes scroll {\n        0% {\n            transform: translateX(0px);\n        }\n        100% {\n            transform: translateX(calc(-150px * 10));\n        }\n    }*\/\n    @media (max-width:992px) {\n        .logotipos_4_1 {\n            padding: 40px 0;\n        }\n    }\n<\/style>\n<script>\n    jQuery(document).ready(function() {\n        jQuery('.logotipos_4_1 .slide-track').marquee({\n            duration: 18000,\n            startVisible: true,\n            \/\/pauseOnHover: true,\n            duplicated: true\n        });\n        jQuery('.logotipos_4_1 .slide-track2').marquee({\n            duration: 18000,\n            direction: 'right',\n            startVisible: true,\n            \/\/pauseOnHover: true,\n            duplicated: true\n        });\n    });\n<\/script>\n\n\n<section class=\"puntos_destacados_3_1 background-1-light\" data-block-id=\"69d4ca11461ab69d4ca11461ac\" data-block-name=\"acf\/puntos-destacados-3-1\" data-post-id=\"1053\" data-stable-id=\"block_09a6f44013ededb49cae59cef416194e\">\r\n    <div class=\"container\">\r\n        <div class=\"row\">\r\n            <div class=\"col\" data-aos=\"fade-up\">\r\n                                                <h2 class=\"tamano2 color-1-headings-dark\">\u00bfPor qu\u00e9 elegirnos? <\/h2>\r\n                            <\/div>\r\n            <div class=\"col col-puntos\">\r\n                                                                        <div class=\"punto-item\" data-aos=\"fade-up\">\r\n                        <div class=\"icono color-logotipo-positive\">\r\n                                                                                                <svg fill=\"currentColor\"  xmlns=\"http:\/\/www.w3.org\/2000\/svg\" viewBox=\"0 0 576 512\"><!--! Font Awesome Pro 6.7.2 by @fontawesome - https:\/\/fontawesome.com License - https:\/\/fontawesome.com\/license (Commercial License) Copyright 2024 Fonticons, Inc. --><path d=\"M339.3 367.1c27.3-3.9 51.9-19.4 67.2-42.9L568.2 74.1c12.6-19.5 9.4-45.3-7.6-61.2S517.7-4.4 499.1 9.6L262.4 187.2c-24 18-38.2 46.1-38.4 76.1L339.3 367.1zm-19.6 25.4l-116-104.4C143.9 290.3 96 339.6 96 400c0 3.9 .2 7.8 .6 11.6C98.4 429.1 86.4 448 68.8 448L64 448c-17.7 0-32 14.3-32 32s14.3 32 32 32l144 0c61.9 0 112-50.1 112-112c0-2.5-.1-5-.2-7.5z\"\/><\/svg>                                                                                    <\/div>\r\n                                                                        <h3 class=\"titulo-punto tamano4 color-1-headings-dark\">\r\n                            Dise\u00f1os que conectan con tu audiencia                        <\/h3>\r\n                                                                        <div class=\"texto-punto tamano7 color-1-body-dark\">\r\n                            <p>No solo creamos piezas visuales atractivas: dise\u00f1amos estrategias visuales que comunican tu mensaje y generan resultados reales. Cada proyecto est\u00e1 pensado para fortalecer tu marca y emocionar a tu p\u00fablico.<\/p>\n                        <\/div>\r\n                                            <\/div>\r\n                                                                                        <div class=\"punto-item\" data-aos=\"fade-up\">\r\n                        <div class=\"icono color-logotipo-positive\">\r\n                                                                                                <svg fill=\"currentColor\"  xmlns=\"http:\/\/www.w3.org\/2000\/svg\" viewBox=\"0 0 512 512\"><!--! Font Awesome Pro 6.7.2 by @fontawesome - https:\/\/fontawesome.com License - https:\/\/fontawesome.com\/license (Commercial License) Copyright 2024 Fonticons, Inc. --><path d=\"M512 256c0 .9 0 1.8 0 2.7c-.4 36.5-33.6 61.3-70.1 61.3L344 320c-26.5 0-48 21.5-48 48c0 3.4 .4 6.7 1 9.9c2.1 10.2 6.5 20 10.8 29.9c6.1 13.8 12.1 27.5 12.1 42c0 31.8-21.6 60.7-53.4 62c-3.5 .1-7 .2-10.6 .2C114.6 512 0 397.4 0 256S114.6 0 256 0S512 114.6 512 256zM128 288a32 32 0 1 0 -64 0 32 32 0 1 0 64 0zm0-96a32 32 0 1 0 0-64 32 32 0 1 0 0 64zM288 96a32 32 0 1 0 -64 0 32 32 0 1 0 64 0zm96 96a32 32 0 1 0 0-64 32 32 0 1 0 0 64z\"\/><\/svg>                                                                                    <\/div>\r\n                                                                        <h3 class=\"titulo-punto tamano4 color-1-headings-dark\">\r\n                            Creatividad con prop\u00f3sito                        <\/h3>\r\n                                                                        <div class=\"texto-punto tamano7 color-1-body-dark\">\r\n                            <p>Nuestro equipo combina creatividad y an\u00e1lisis. Cada decisi\u00f3n, desde la paleta de colores hasta la tipograf\u00eda, tiene un por qu\u00e9. No se trata solo de \u201cverse bien\u201d, sino de <strong data-start=\"667\" data-end=\"685\">funcionar bien<\/strong> y destacar en tu mercado.<\/p>\n                        <\/div>\r\n                                            <\/div>\r\n                                                                                        <div class=\"punto-item\" data-aos=\"fade-up\">\r\n                        <div class=\"icono color-logotipo-positive\">\r\n                                                                                                <svg fill=\"currentColor\"  xmlns=\"http:\/\/www.w3.org\/2000\/svg\" viewBox=\"0 0 640 512\"><!--! Font Awesome Pro 6.7.2 by @fontawesome - https:\/\/fontawesome.com License - https:\/\/fontawesome.com\/license (Commercial License) Copyright 2024 Fonticons, Inc. --><path d=\"M323.4 85.2l-96.8 78.4c-16.1 13-19.2 36.4-7 53.1c12.9 17.8 38 21.3 55.3 7.8l99.3-77.2c7-5.4 17-4.2 22.5 2.8s4.2 17-2.8 22.5l-20.9 16.2L512 316.8 512 128l-.7 0-3.9-2.5L434.8 79c-15.3-9.8-33.2-15-51.4-15c-21.8 0-43 7.5-60 21.2zm22.8 124.4l-51.7 40.2C263 274.4 217.3 268 193.7 235.6c-22.2-30.5-16.6-73.1 12.7-96.8l83.2-67.3c-11.6-4.9-24.1-7.4-36.8-7.4C234 64 215.7 69.6 200 80l-72 48 0 224 28.2 0 91.4 83.4c19.6 17.9 49.9 16.5 67.8-3.1c5.5-6.1 9.2-13.2 11.1-20.6l17 15.6c19.5 17.9 49.9 16.6 67.8-2.9c4.5-4.9 7.8-10.6 9.9-16.5c19.4 13 45.8 10.3 62.1-7.5c17.9-19.5 16.6-49.9-2.9-67.8l-134.2-123zM16 128c-8.8 0-16 7.2-16 16L0 352c0 17.7 14.3 32 32 32l32 0c17.7 0 32-14.3 32-32l0-224-80 0zM48 320a16 16 0 1 1 0 32 16 16 0 1 1 0-32zM544 128l0 224c0 17.7 14.3 32 32 32l32 0c17.7 0 32-14.3 32-32l0-208c0-8.8-7.2-16-16-16l-80 0zm32 208a16 16 0 1 1 32 0 16 16 0 1 1 -32 0z\"\/><\/svg>                                                                                    <\/div>\r\n                                                                        <h3 class=\"titulo-punto tamano4 color-1-headings-dark\">\r\n                            Acompa\u00f1amiento integral y cercano                        <\/h3>\r\n                                                                        <div class=\"texto-punto tamano7 color-1-body-dark\">\r\n                            <p>Nos convertimos en tu aliado creativo. Te guiamos en todo el proceso, desde la idea hasta la ejecuci\u00f3n final, asegurando coherencia, impacto y una experiencia sin complicaciones.<\/p>\n                        <\/div>\r\n                                            <\/div>\r\n                                            <\/div>\r\n        <\/div>\r\n    <\/div>\r\n<\/section>\r\n<style>\r\n    .puntos_destacados_3_1 .punto-item .subtitulo {\r\n        padding-bottom: 17px;\r\n    }\r\n\r\n    .puntos_destacados_3_1 .punto-item h3 {\r\n        padding-bottom: 24px;\r\n    }\r\n\r\n    .puntos_destacados_3_1 .punto-item .texto-punto ul,\r\n    .puntos_destacados_3_1 .punto-item .texto-punto ol {\r\n        padding-left: 20px;\r\n    }\r\n\r\n    .puntos_destacados_3_1 .punto-item .icono svg.default path {\r\n        fill: var(--color-1-headings-dark);\r\n    }\r\n\r\n    .puntos_destacados_3_1 .punto-item .icono svg {\r\n        margin: 0 auto;\r\n        width: 100%;\r\n        height: 100%;\r\n    }\r\n\r\n    .puntos_destacados_3_1 .punto-item .icono {\r\n        margin: 0 auto 24px;\r\n        width: 50px;\r\n        height: 50px;\r\n    }\r\n\r\n    .puntos_destacados_3_1 .punto-item {\r\n        width: calc(33.33% - 20px);\r\n        text-align: center;\r\n    }\r\n\r\n    .puntos_destacados_3_1 .icono .icon-image {\r\n        width: 100%;\r\n        height: 100%;\r\n        object-fit: contain;\r\n    }\r\n\r\n    .puntos_destacados_3_1 .col-puntos {\r\n        display: flex;\r\n        flex-wrap: wrap;\r\n        justify-content: center;\r\n        gap: 30px;\r\n    }\r\n\r\n    .puntos_destacados_3_1 .subtitulo {\r\n        padding-bottom: 30px;\r\n        max-width: 900px;\r\n        margin: 0 auto;\r\n        text-align: center;\r\n    }\r\n\r\n    .puntos_destacados_3_1 h2 {\r\n        padding-bottom: 100px;\r\n        max-width: 900px;\r\n        margin: 0 auto;\r\n        text-align: center;\r\n    }\r\n\r\n    .puntos_destacados_3_1 {\r\n        padding: 80px 0 80px 0;\r\n    }\r\n\r\n    @media (max-width:992px) {\r\n        .puntos_destacados_3_1 .col-puntos {\r\n            flex-direction: column;\r\n        }\r\n\r\n        .puntos_destacados_3_1 {\r\n            padding: 40px 0;\r\n        }\r\n\r\n        .puntos_destacados_3_1 .punto-item {\r\n            width: 100%;\r\n        }\r\n\r\n        .puntos_destacados_3_1 h2 {\r\n            padding-bottom: 50px;\r\n        }\r\n    }\r\n<\/style>\r\n","protected":false},"excerpt":{"rendered":"","protected":false},"author":1,"featured_media":0,"parent":0,"menu_order":0,"comment_status":"open","ping_status":"closed","template":"","meta":{"_acf_changed":false,"iawp_total_views":1,"footnotes":""},"class_list":["post-1053","page","type-page","status-publish","hentry"],"acf":[],"yoast_head":"<!-- This site is optimized with the Yoast SEO plugin v27.3 - https:\/\/yoast.com\/product\/yoast-seo-wordpress\/ -->\n<title>Clientes de The Look Blog Agency<\/title>\n<meta name=\"description\" content=\"Explora nuestra impresionante cartera de clientes internacionales. The Look Blog Agency se especializa en branding, dise\u00f1o web y m\u00e1s.\" \/>\n<meta name=\"robots\" content=\"index, follow, max-snippet:-1, max-image-preview:large, max-video-preview:-1\" \/>\n<link rel=\"canonical\" href=\"https:\/\/thelookblog.com\/en\/clientes\/\" \/>\n<meta property=\"og:locale\" content=\"en_US\" \/>\n<meta property=\"og:type\" content=\"article\" \/>\n<meta property=\"og:title\" content=\"Clientes de The Look Blog Agency\" \/>\n<meta property=\"og:description\" content=\"Explora nuestra impresionante cartera de clientes internacionales. The Look Blog Agency se especializa en branding, dise\u00f1o web y m\u00e1s.\" \/>\n<meta property=\"og:url\" content=\"https:\/\/thelookblog.com\/en\/clientes\/\" \/>\n<meta property=\"og:site_name\" content=\"The Look Blog Agency\" \/>\n<meta property=\"article:modified_time\" content=\"2025-11-20T08:56:11+00:00\" \/>\n<meta name=\"twitter:card\" content=\"summary_large_image\" \/>\n<!-- \/ Yoast SEO plugin. -->","yoast_head_json":{"title":"Clientes de The Look Blog Agency","description":"Explora nuestra impresionante cartera de clientes internacionales. The Look Blog Agency se especializa en branding, dise\u00f1o web y m\u00e1s.","robots":{"index":"index","follow":"follow","max-snippet":"max-snippet:-1","max-image-preview":"max-image-preview:large","max-video-preview":"max-video-preview:-1"},"canonical":"https:\/\/thelookblog.com\/en\/clientes\/","og_locale":"en_US","og_type":"article","og_title":"Clientes de The Look Blog Agency","og_description":"Explora nuestra impresionante cartera de clientes internacionales. The Look Blog Agency se especializa en branding, dise\u00f1o web y m\u00e1s.","og_url":"https:\/\/thelookblog.com\/en\/clientes\/","og_site_name":"The Look Blog Agency","article_modified_time":"2025-11-20T08:56:11+00:00","twitter_card":"summary_large_image","schema":{"@context":"https:\/\/schema.org","@graph":[{"@type":"WebPage","@id":"https:\/\/thelookblog.com\/en\/clientes\/","url":"https:\/\/thelookblog.com\/en\/clientes\/","name":"Clientes de The Look Blog Agency","isPartOf":{"@id":"https:\/\/thelookblog.com\/en\/#website"},"datePublished":"2025-10-01T09:21:01+00:00","dateModified":"2025-11-20T08:56:11+00:00","description":"Explora nuestra impresionante cartera de clientes internacionales. The Look Blog Agency se especializa en branding, dise\u00f1o web y m\u00e1s.","breadcrumb":{"@id":"https:\/\/thelookblog.com\/en\/clientes\/#breadcrumb"},"inLanguage":"en-US","potentialAction":[{"@type":"ReadAction","target":["https:\/\/thelookblog.com\/en\/clientes\/"]}]},{"@type":"BreadcrumbList","@id":"https:\/\/thelookblog.com\/en\/clientes\/#breadcrumb","itemListElement":[{"@type":"ListItem","position":1,"name":"Portada","item":"https:\/\/thelookblog.com\/en\/"},{"@type":"ListItem","position":2,"name":"Clientes"}]},{"@type":"WebSite","@id":"https:\/\/thelookblog.com\/en\/#website","url":"https:\/\/thelookblog.com\/en\/","name":"The Look Blog Agency","description":"","publisher":{"@id":"https:\/\/thelookblog.com\/en\/#organization"},"potentialAction":[{"@type":"SearchAction","target":{"@type":"EntryPoint","urlTemplate":"https:\/\/thelookblog.com\/en\/?s={search_term_string}"},"query-input":{"@type":"PropertyValueSpecification","valueRequired":true,"valueName":"search_term_string"}}],"inLanguage":"en-US"},{"@type":"Organization","@id":"https:\/\/thelookblog.com\/en\/#organization","name":"The Look Blog Agency","url":"https:\/\/thelookblog.com\/en\/","logo":{"@type":"ImageObject","inLanguage":"en-US","@id":"https:\/\/thelookblog.com\/en\/#\/schema\/logo\/image\/","url":"https:\/\/thelookblog.com\/wp-content\/uploads\/2024\/09\/66f3e29ae8141_Logo2014-03.png","contentUrl":"https:\/\/thelookblog.com\/wp-content\/uploads\/2024\/09\/66f3e29ae8141_Logo2014-03.png","width":2500,"height":2500,"caption":"The Look Blog Agency"},"image":{"@id":"https:\/\/thelookblog.com\/en\/#\/schema\/logo\/image\/"}}]}},"_links":{"self":[{"href":"https:\/\/thelookblog.com\/en\/wp-json\/wp\/v2\/pages\/1053","targetHints":{"allow":["GET"]}}],"collection":[{"href":"https:\/\/thelookblog.com\/en\/wp-json\/wp\/v2\/pages"}],"about":[{"href":"https:\/\/thelookblog.com\/en\/wp-json\/wp\/v2\/types\/page"}],"author":[{"embeddable":true,"href":"https:\/\/thelookblog.com\/en\/wp-json\/wp\/v2\/users\/1"}],"replies":[{"embeddable":true,"href":"https:\/\/thelookblog.com\/en\/wp-json\/wp\/v2\/comments?post=1053"}],"version-history":[{"count":14,"href":"https:\/\/thelookblog.com\/en\/wp-json\/wp\/v2\/pages\/1053\/revisions"}],"predecessor-version":[{"id":1847,"href":"https:\/\/thelookblog.com\/en\/wp-json\/wp\/v2\/pages\/1053\/revisions\/1847"}],"wp:attachment":[{"href":"https:\/\/thelookblog.com\/en\/wp-json\/wp\/v2\/media?parent=1053"}],"curies":[{"name":"wp","href":"https:\/\/api.w.org\/{rel}","templated":true}]}}